{"id":2,"date":"2018-01-23T14:51:29","date_gmt":"2018-01-23T13:51:29","guid":{"rendered":"http:\/\/desia.org\/?page_id=2"},"modified":"2018-04-02T17:27:54","modified_gmt":"2018-04-02T15:27:54","slug":"page-d-exemple","status":"publish","type":"page","link":"https:\/\/desia.org\/?page_id=2","title":{"rendered":"L&rsquo;\u00e9v\u00e9nement du 30 mai 2018"},"content":{"rendered":"<p>Rendez-vous \u00e0 8h30 \u00e0 Supa\u00e9ro pour le petit d\u00e9jeuner<\/p>\n<p>9h-13h Grand Oral de la 25\u00b0 promotion du DESIA<\/p>\n<p>13h Repas \u00e0 Supaero<\/p>\n<p><a href=\"https:\/\/goo.gl\/forms\/mDZE7AjepdkCiIjP2\">Pour vous inscrire c&rsquo;est ici!<\/a><\/p>\n<p><strong>En cl\u00f4ture\u00a0: <\/strong>un concert de chants et polyphonies par le groupe<strong> <em>I Surghjenti<\/em> :<br \/>\n<\/strong><\/p>\n<p><iframe loading=\"lazy\" width=\"720\" height=\"405\" src=\"https:\/\/www.youtube.com\/embed\/7brc0MGdVyM?feature=oembed\" frameborder=\"0\" allow=\"autoplay; encrypted-media\" allowfullscreen><\/iframe><\/p>\n","protected":false},"excerpt":{"rendered":"<p>Rendez-vous \u00e0 8h30 \u00e0 Supa\u00e9ro pour le petit d\u00e9jeuner 9h-13h Grand Oral de la 25\u00b0 promotion du DESIA 13h Repas \u00e0 Supaero Pour vous inscrire c&rsquo;est ici! En cl\u00f4ture\u00a0: un concert de chants et polyphonies par le groupe I Surghjenti :<\/p>\n","protected":false},"author":1,"featured_media":0,"parent":0,"menu_order":0,"comment_status":"closed","ping_status":"open","template":"","meta":[],"_links":{"self":[{"href":"https:\/\/desia.org\/index.php?rest_route=\/wp\/v2\/pages\/2"}],"collection":[{"href":"https:\/\/desia.org\/index.php?rest_route=\/wp\/v2\/pages"}],"about":[{"href":"https:\/\/desia.org\/index.php?rest_route=\/wp\/v2\/types\/page"}],"author":[{"embeddable":true,"href":"https:\/\/desia.org\/index.php?rest_route=\/wp\/v2\/users\/1"}],"replies":[{"embeddable":true,"href":"https:\/\/desia.org\/index.php?rest_route=%2Fwp%2Fv2%2Fcomments&post=2"}],"version-history":[{"count":7,"href":"https:\/\/desia.org\/index.php?rest_route=\/wp\/v2\/pages\/2\/revisions"}],"predecessor-version":[{"id":37,"href":"https:\/\/desia.org\/index.php?rest_route=\/wp\/v2\/pages\/2\/revisions\/37"}],"wp:attachment":[{"href":"https:\/\/desia.org\/index.php?rest_route=%2Fwp%2Fv2%2Fmedia&parent=2"}],"curies":[{"name":"wp","href":"https:\/\/api.w.org\/{rel}","templated":true}]}}